{"id":1880,"date":"2025-08-14T21:16:06","date_gmt":"2025-08-14T19:16:06","guid":{"rendered":"https:\/\/krainabio.pl\/?post_type=product&#038;p=1880"},"modified":"2025-08-19T22:10:16","modified_gmt":"2025-08-19T20:10:16","slug":"atomizer-dyfuzor-zapachowy","status":"publish","type":"product","link":"https:\/\/krainabio.pl\/index.php\/produkt\/atomizer-dyfuzor-zapachowy\/","title":{"rendered":"Atomizer dyfuzor zapachowy Aarhus."},"content":{"rendered":"<p><strong><span dir=\"auto\">Atomizer dyfuzory zapachowy Aarhus, <\/span><\/strong><span dir=\"auto\">jest <\/span><span dir=\"auto\">ponadczasowy i elegancki. Zapewnia bezp\u0142omieniowy i bezdymny spos\u00f3b na nadanie aromatu w Twoim pomieszczeniu lub biuru. Wystarczy doda\u0107 troch\u0119 wody i ulubiony olejek eteryczny lub zapachowy, aby natychmiast poczu\u0107 aromat.<\/span><\/p>\n<p><span dir=\"auto\">Dyfuzor zapachowy wykorzystuje silnik ultrad\u017awi\u0119kowy do pompowania wody, dzi\u0119ki czemu jest bardzo cichy podczas u\u017cytkowania. Zmieniaj\u0105ce si\u0119 \u015bwiat\u0142o led, stwarza wyj\u0105tkowy nastr\u00f3j.\u00a0 Dyfuzor mo\u017ce s\u0142u\u017cy\u0107 r\u00f3wnie\u017c jako prosty nawil\u017cacz powietrza.<\/span><\/p>\n<p><span dir=\"auto\">Dyfuzory zapachowe s\u0105 bardzo \u0142atwe w obs\u0142udze i konserwacji, wystarczy je tylko od czasu do czasu nape\u0142ni\u0107 niewielk\u0105 ilo\u015bci\u0105 wody i doda\u0107 kilka kropli olejku zapachowego.<\/span><\/p>\n<p><span dir=\"auto\">Dane techniczne:<\/span><\/p>\n<p><span dir=\"auto\">&#8211; Pojemno\u015b\u0107 zbiornika 300ml<\/span><\/p>\n<p><span dir=\"auto\">&#8211; \u015awiat\u0142o LED &#8211; 7 szt.<\/span><\/p>\n<p><span dir=\"auto\">&#8211; Zasilany przez USB (d\u0142ugo\u015b\u0107 przewodu 100cm)<\/span><\/p>\n<p><span dir=\"auto\">&#8211; Automatyczne wy\u0142\u0105czanie po wyczerpaniu si\u0119 wody<\/span><\/p>\n<p><span dir=\"auto\">&#8211; timer 3-6h<\/span><\/p>\n<p><span dir=\"auto\">Wymiary:<\/span><\/p>\n<p><span dir=\"auto\">-wysoko\u015b\u0107 10,5 cm, <\/span><\/p>\n<p><span dir=\"auto\">-\u015brednica: 13,5 cm, <\/span><\/p>\n<p><span dir=\"auto\">waga 224 g<\/span><\/p>\n","protected":false},"excerpt":{"rendered":"<p><strong><span dir=\"auto\">Atomizer dyfuzory zapachowy Aarhus, <\/span><\/strong><span dir=\"auto\">jest <\/span><span dir=\"auto\">ponadczasowy i elegancki. Zapewniaj\u0105 bezp\u0142omieniowy i bezdymny spos\u00f3b na nadanie aromatu Twojemu pomieszczeniu lub biuru. Wystarczy doda\u0107 troch\u0119 wody i ulubiony olejek eteryczny lub zapachowy, aby natychmiast poczu\u0107 aromat.<\/span><\/p>\n","protected":false},"featured_media":1881,"comment_status":"open","ping_status":"closed","template":"","meta":[],"product_brand":[],"product_cat":[173,182,174],"product_tag":[221,222,220,223],"class_list":{"0":"post-1880","1":"product","2":"type-product","3":"status-publish","4":"has-post-thumbnail","6":"product_cat-aromaterapia","7":"product_cat-elektroniczne-dyfuzory-zapachowe","8":"product_cat-lampy-dyfuzory","9":"product_tag-aromaterapia","10":"product_tag-atomizer","11":"product_tag-dyfuzor","12":"product_tag-nawilzacz","14":"first","15":"instock","16":"taxable","17":"shipping-taxable","18":"purchasable","19":"product-type-simple"},"yoast_head":"<!-- This site is optimized with the Yoast SEO plugin v25.9 - https:\/\/yoast.com\/wordpress\/plugins\/seo\/ -->\n<title>Atomizer dyfuzor zapachowy Aarhus. - Krainabio - Naturalna Aromaterapia.<\/title>\n<meta name=\"description\" content=\"Atomizer dyfuzory zapachowy zapewnia bezp\u0142omieniowy i bezdymny spos\u00f3b na nadanie aromatu Twojemu pomieszczeniu lub biuru. Wystarczy do dyfuzora doda\u0107 troch\u0119 wody i ulubiony olejek eteryczny lub zapachowy, aby natychmiast poczu\u0107 aromat. Zmieniaj\u0105ce si\u0119 \u015bwiat\u0142o led, stwarza wyj\u0105tkowy nastr\u00f3j.\u00a0 Dyfuzory zapachowe s\u0105 bardzo \u0142atwe w obs\u0142udze i konserwacji, wystarczy je tylko od czasu do czasu nape\u0142ni\u0107 niewielk\u0105 ilo\u015bci\u0105 wody i doda\u0107 kilka kropli olejku zapachowego.\" \/>\n<meta name=\"robots\" content=\"noindex, follow, max-snippet:-1, max-image-preview:large, max-video-preview:-1\" \/>\n<meta property=\"og:locale\" content=\"pl_PL\" \/>\n<meta property=\"og:type\" content=\"article\" \/>\n<meta property=\"og:title\" content=\"Atomizer dyfuzor zapachowy Aarhus. - Krainabio - Naturalna Aromaterapia.\" \/>\n<meta property=\"og:description\" content=\"Atomizer dyfuzory zapachowy zapewnia bezp\u0142omieniowy i bezdymny spos\u00f3b na nadanie aromatu Twojemu pomieszczeniu lub biuru. Wystarczy do dyfuzora doda\u0107 troch\u0119 wody i ulubiony olejek eteryczny lub zapachowy, aby natychmiast poczu\u0107 aromat. Zmieniaj\u0105ce si\u0119 \u015bwiat\u0142o led, stwarza wyj\u0105tkowy nastr\u00f3j.\u00a0 Dyfuzory zapachowe s\u0105 bardzo \u0142atwe w obs\u0142udze i konserwacji, wystarczy je tylko od czasu do czasu nape\u0142ni\u0107 niewielk\u0105 ilo\u015bci\u0105 wody i doda\u0107 kilka kropli olejku zapachowego.\" \/>\n<meta property=\"og:url\" content=\"https:\/\/krainabio.pl\/index.php\/produkt\/atomizer-dyfuzor-zapachowy\/\" \/>\n<meta property=\"og:site_name\" content=\"Krainabio - Naturalna Aromaterapia.\" \/>\n<meta property=\"article:modified_time\" content=\"2025-08-19T20:10:16+00:00\" \/>\n<meta property=\"og:image\" content=\"https:\/\/krainabio.pl\/wp-content\/uploads\/2025\/08\/dyfuzor-Aarhus.jpg\" \/>\n\t<meta property=\"og:image:width\" content=\"1554\" \/>\n\t<meta property=\"og:image:height\" content=\"1554\" \/>\n\t<meta property=\"og:image:type\" content=\"image\/jpeg\" \/>\n<meta name=\"twitter:card\" content=\"summary_large_image\" \/>\n<meta name=\"twitter:label1\" content=\"Szacowany czas czytania\" \/>\n\t<meta name=\"twitter:data1\" content=\"1 minuta\" \/>\n<script type=\"application\/ld+json\" class=\"yoast-schema-graph\">{\"@context\":\"https:\/\/schema.org\",\"@graph\":[{\"@type\":\"WebPage\",\"@id\":\"https:\/\/krainabio.pl\/index.php\/produkt\/atomizer-dyfuzor-zapachowy\/\",\"url\":\"https:\/\/krainabio.pl\/index.php\/produkt\/atomizer-dyfuzor-zapachowy\/\",\"name\":\"Atomizer dyfuzor zapachowy Aarhus. - Krainabio - Naturalna Aromaterapia.\",\"isPartOf\":{\"@id\":\"https:\/\/krainabio.pl\/#website\"},\"primaryImageOfPage\":{\"@id\":\"https:\/\/krainabio.pl\/index.php\/produkt\/atomizer-dyfuzor-zapachowy\/#primaryimage\"},\"image\":{\"@id\":\"https:\/\/krainabio.pl\/index.php\/produkt\/atomizer-dyfuzor-zapachowy\/#primaryimage\"},\"thumbnailUrl\":\"https:\/\/krainabio.pl\/wp-content\/uploads\/2025\/08\/dyfuzor-Aarhus.jpg\",\"datePublished\":\"2025-08-14T19:16:06+00:00\",\"dateModified\":\"2025-08-19T20:10:16+00:00\",\"description\":\"Atomizer dyfuzory zapachowy zapewnia bezp\u0142omieniowy i bezdymny spos\u00f3b na nadanie aromatu Twojemu pomieszczeniu lub biuru. Wystarczy do dyfuzora doda\u0107 troch\u0119 wody i ulubiony olejek eteryczny lub zapachowy, aby natychmiast poczu\u0107 aromat. Zmieniaj\u0105ce si\u0119 \u015bwiat\u0142o led, stwarza wyj\u0105tkowy nastr\u00f3j.\u00a0 Dyfuzory zapachowe s\u0105 bardzo \u0142atwe w obs\u0142udze i konserwacji, wystarczy je tylko od czasu do czasu nape\u0142ni\u0107 niewielk\u0105 ilo\u015bci\u0105 wody i doda\u0107 kilka kropli olejku zapachowego.\",\"breadcrumb\":{\"@id\":\"https:\/\/krainabio.pl\/index.php\/produkt\/atomizer-dyfuzor-zapachowy\/#breadcrumb\"},\"inLanguage\":\"pl-PL\",\"potentialAction\":[{\"@type\":\"ReadAction\",\"target\":[\"https:\/\/krainabio.pl\/index.php\/produkt\/atomizer-dyfuzor-zapachowy\/\"]}]},{\"@type\":\"ImageObject\",\"inLanguage\":\"pl-PL\",\"@id\":\"https:\/\/krainabio.pl\/index.php\/produkt\/atomizer-dyfuzor-zapachowy\/#primaryimage\",\"url\":\"https:\/\/krainabio.pl\/wp-content\/uploads\/2025\/08\/dyfuzor-Aarhus.jpg\",\"contentUrl\":\"https:\/\/krainabio.pl\/wp-content\/uploads\/2025\/08\/dyfuzor-Aarhus.jpg\",\"width\":1554,\"height\":1554,\"caption\":\"atomizer\"},{\"@type\":\"BreadcrumbList\",\"@id\":\"https:\/\/krainabio.pl\/index.php\/produkt\/atomizer-dyfuzor-zapachowy\/#breadcrumb\",\"itemListElement\":[{\"@type\":\"ListItem\",\"position\":1,\"name\":\"Strona g\u0142\u00f3wna\",\"item\":\"https:\/\/krainabio.pl\/\"},{\"@type\":\"ListItem\",\"position\":2,\"name\":\"Sklep\",\"item\":\"https:\/\/krainabio.pl\/index.php\/sklep\/\"},{\"@type\":\"ListItem\",\"position\":3,\"name\":\"Atomizer dyfuzor zapachowy Aarhus.\"}]},{\"@type\":\"WebSite\",\"@id\":\"https:\/\/krainabio.pl\/#website\",\"url\":\"https:\/\/krainabio.pl\/\",\"name\":\"Krainabio - Naturalna Aromaterapia.\",\"description\":\"Najlepsze Olejki eteryczne, dyfuzory i akcesoria do aromaterapii\",\"publisher\":{\"@id\":\"https:\/\/krainabio.pl\/#organization\"},\"potentialAction\":[{\"@type\":\"SearchAction\",\"target\":{\"@type\":\"EntryPoint\",\"urlTemplate\":\"https:\/\/krainabio.pl\/?s={search_term_string}\"},\"query-input\":{\"@type\":\"PropertyValueSpecification\",\"valueRequired\":true,\"valueName\":\"search_term_string\"}}],\"inLanguage\":\"pl-PL\"},{\"@type\":\"Organization\",\"@id\":\"https:\/\/krainabio.pl\/#organization\",\"name\":\"Krainabio - Naturalna Aromaterapia.\",\"url\":\"https:\/\/krainabio.pl\/\",\"logo\":{\"@type\":\"ImageObject\",\"inLanguage\":\"pl-PL\",\"@id\":\"https:\/\/krainabio.pl\/#\/schema\/logo\/image\/\",\"url\":\"https:\/\/krainabio.pl\/wp-content\/uploads\/2025\/07\/cropped-cropped-logo-obrazek-drzewo.jpg\",\"contentUrl\":\"https:\/\/krainabio.pl\/wp-content\/uploads\/2025\/07\/cropped-cropped-logo-obrazek-drzewo.jpg\",\"width\":1024,\"height\":1024,\"caption\":\"Krainabio - Naturalna Aromaterapia.\"},\"image\":{\"@id\":\"https:\/\/krainabio.pl\/#\/schema\/logo\/image\/\"}}]}<\/script>\n<!-- \/ Yoast SEO plugin. -->","yoast_head_json":{"title":"Atomizer dyfuzor zapachowy Aarhus. - Krainabio - Naturalna Aromaterapia.","description":"Atomizer dyfuzory zapachowy zapewnia bezp\u0142omieniowy i bezdymny spos\u00f3b na nadanie aromatu Twojemu pomieszczeniu lub biuru. Wystarczy do dyfuzora doda\u0107 troch\u0119 wody i ulubiony olejek eteryczny lub zapachowy, aby natychmiast poczu\u0107 aromat. Zmieniaj\u0105ce si\u0119 \u015bwiat\u0142o led, stwarza wyj\u0105tkowy nastr\u00f3j.\u00a0 Dyfuzory zapachowe s\u0105 bardzo \u0142atwe w obs\u0142udze i konserwacji, wystarczy je tylko od czasu do czasu nape\u0142ni\u0107 niewielk\u0105 ilo\u015bci\u0105 wody i doda\u0107 kilka kropli olejku zapachowego.","robots":{"index":"noindex","follow":"follow","max-snippet":"max-snippet:-1","max-image-preview":"max-image-preview:large","max-video-preview":"max-video-preview:-1"},"og_locale":"pl_PL","og_type":"article","og_title":"Atomizer dyfuzor zapachowy Aarhus. - Krainabio - Naturalna Aromaterapia.","og_description":"Atomizer dyfuzory zapachowy zapewnia bezp\u0142omieniowy i bezdymny spos\u00f3b na nadanie aromatu Twojemu pomieszczeniu lub biuru. Wystarczy do dyfuzora doda\u0107 troch\u0119 wody i ulubiony olejek eteryczny lub zapachowy, aby natychmiast poczu\u0107 aromat. Zmieniaj\u0105ce si\u0119 \u015bwiat\u0142o led, stwarza wyj\u0105tkowy nastr\u00f3j.\u00a0 Dyfuzory zapachowe s\u0105 bardzo \u0142atwe w obs\u0142udze i konserwacji, wystarczy je tylko od czasu do czasu nape\u0142ni\u0107 niewielk\u0105 ilo\u015bci\u0105 wody i doda\u0107 kilka kropli olejku zapachowego.","og_url":"https:\/\/krainabio.pl\/index.php\/produkt\/atomizer-dyfuzor-zapachowy\/","og_site_name":"Krainabio - Naturalna Aromaterapia.","article_modified_time":"2025-08-19T20:10:16+00:00","og_image":[{"width":1554,"height":1554,"url":"https:\/\/krainabio.pl\/wp-content\/uploads\/2025\/08\/dyfuzor-Aarhus.jpg","type":"image\/jpeg"}],"twitter_card":"summary_large_image","twitter_misc":{"Szacowany czas czytania":"1 minuta"},"schema":{"@context":"https:\/\/schema.org","@graph":[{"@type":"WebPage","@id":"https:\/\/krainabio.pl\/index.php\/produkt\/atomizer-dyfuzor-zapachowy\/","url":"https:\/\/krainabio.pl\/index.php\/produkt\/atomizer-dyfuzor-zapachowy\/","name":"Atomizer dyfuzor zapachowy Aarhus. - Krainabio - Naturalna Aromaterapia.","isPartOf":{"@id":"https:\/\/krainabio.pl\/#website"},"primaryImageOfPage":{"@id":"https:\/\/krainabio.pl\/index.php\/produkt\/atomizer-dyfuzor-zapachowy\/#primaryimage"},"image":{"@id":"https:\/\/krainabio.pl\/index.php\/produkt\/atomizer-dyfuzor-zapachowy\/#primaryimage"},"thumbnailUrl":"https:\/\/krainabio.pl\/wp-content\/uploads\/2025\/08\/dyfuzor-Aarhus.jpg","datePublished":"2025-08-14T19:16:06+00:00","dateModified":"2025-08-19T20:10:16+00:00","description":"Atomizer dyfuzory zapachowy zapewnia bezp\u0142omieniowy i bezdymny spos\u00f3b na nadanie aromatu Twojemu pomieszczeniu lub biuru. Wystarczy do dyfuzora doda\u0107 troch\u0119 wody i ulubiony olejek eteryczny lub zapachowy, aby natychmiast poczu\u0107 aromat. Zmieniaj\u0105ce si\u0119 \u015bwiat\u0142o led, stwarza wyj\u0105tkowy nastr\u00f3j.\u00a0 Dyfuzory zapachowe s\u0105 bardzo \u0142atwe w obs\u0142udze i konserwacji, wystarczy je tylko od czasu do czasu nape\u0142ni\u0107 niewielk\u0105 ilo\u015bci\u0105 wody i doda\u0107 kilka kropli olejku zapachowego.","breadcrumb":{"@id":"https:\/\/krainabio.pl\/index.php\/produkt\/atomizer-dyfuzor-zapachowy\/#breadcrumb"},"inLanguage":"pl-PL","potentialAction":[{"@type":"ReadAction","target":["https:\/\/krainabio.pl\/index.php\/produkt\/atomizer-dyfuzor-zapachowy\/"]}]},{"@type":"ImageObject","inLanguage":"pl-PL","@id":"https:\/\/krainabio.pl\/index.php\/produkt\/atomizer-dyfuzor-zapachowy\/#primaryimage","url":"https:\/\/krainabio.pl\/wp-content\/uploads\/2025\/08\/dyfuzor-Aarhus.jpg","contentUrl":"https:\/\/krainabio.pl\/wp-content\/uploads\/2025\/08\/dyfuzor-Aarhus.jpg","width":1554,"height":1554,"caption":"atomizer"},{"@type":"BreadcrumbList","@id":"https:\/\/krainabio.pl\/index.php\/produkt\/atomizer-dyfuzor-zapachowy\/#breadcrumb","itemListElement":[{"@type":"ListItem","position":1,"name":"Strona g\u0142\u00f3wna","item":"https:\/\/krainabio.pl\/"},{"@type":"ListItem","position":2,"name":"Sklep","item":"https:\/\/krainabio.pl\/index.php\/sklep\/"},{"@type":"ListItem","position":3,"name":"Atomizer dyfuzor zapachowy Aarhus."}]},{"@type":"WebSite","@id":"https:\/\/krainabio.pl\/#website","url":"https:\/\/krainabio.pl\/","name":"Krainabio - Naturalna Aromaterapia.","description":"Najlepsze Olejki eteryczne, dyfuzory i akcesoria do aromaterapii","publisher":{"@id":"https:\/\/krainabio.pl\/#organization"},"potentialAction":[{"@type":"SearchAction","target":{"@type":"EntryPoint","urlTemplate":"https:\/\/krainabio.pl\/?s={search_term_string}"},"query-input":{"@type":"PropertyValueSpecification","valueRequired":true,"valueName":"search_term_string"}}],"inLanguage":"pl-PL"},{"@type":"Organization","@id":"https:\/\/krainabio.pl\/#organization","name":"Krainabio - Naturalna Aromaterapia.","url":"https:\/\/krainabio.pl\/","logo":{"@type":"ImageObject","inLanguage":"pl-PL","@id":"https:\/\/krainabio.pl\/#\/schema\/logo\/image\/","url":"https:\/\/krainabio.pl\/wp-content\/uploads\/2025\/07\/cropped-cropped-logo-obrazek-drzewo.jpg","contentUrl":"https:\/\/krainabio.pl\/wp-content\/uploads\/2025\/07\/cropped-cropped-logo-obrazek-drzewo.jpg","width":1024,"height":1024,"caption":"Krainabio - Naturalna Aromaterapia."},"image":{"@id":"https:\/\/krainabio.pl\/#\/schema\/logo\/image\/"}}]}},"_links":{"self":[{"href":"https:\/\/krainabio.pl\/index.php\/wp-json\/wp\/v2\/product\/1880","targetHints":{"allow":["GET"]}}],"collection":[{"href":"https:\/\/krainabio.pl\/index.php\/wp-json\/wp\/v2\/product"}],"about":[{"href":"https:\/\/krainabio.pl\/index.php\/wp-json\/wp\/v2\/types\/product"}],"replies":[{"embeddable":true,"href":"https:\/\/krainabio.pl\/index.php\/wp-json\/wp\/v2\/comments?post=1880"}],"version-history":[{"count":1,"href":"https:\/\/krainabio.pl\/index.php\/wp-json\/wp\/v2\/product\/1880\/revisions"}],"predecessor-version":[{"id":1882,"href":"https:\/\/krainabio.pl\/index.php\/wp-json\/wp\/v2\/product\/1880\/revisions\/1882"}],"wp:featuredmedia":[{"embeddable":true,"href":"https:\/\/krainabio.pl\/index.php\/wp-json\/wp\/v2\/media\/1881"}],"wp:attachment":[{"href":"https:\/\/krainabio.pl\/index.php\/wp-json\/wp\/v2\/media?parent=1880"}],"wp:term":[{"taxonomy":"product_brand","embeddable":true,"href":"https:\/\/krainabio.pl\/index.php\/wp-json\/wp\/v2\/product_brand?post=1880"},{"taxonomy":"product_cat","embeddable":true,"href":"https:\/\/krainabio.pl\/index.php\/wp-json\/wp\/v2\/product_cat?post=1880"},{"taxonomy":"product_tag","embeddable":true,"href":"https:\/\/krainabio.pl\/index.php\/wp-json\/wp\/v2\/product_tag?post=1880"}],"curies":[{"name":"wp","href":"https:\/\/api.w.org\/{rel}","templated":true}]}}